{"id":427,"date":"2020-03-17T18:43:10","date_gmt":"2020-03-17T18:43:10","guid":{"rendered":"http:\/\/hompark.themezinho.net\/?page_id=7"},"modified":"2023-04-03T10:31:59","modified_gmt":"2023-04-03T10:31:59","slug":"start","status":"publish","type":"page","link":"https:\/\/ersgayrimenkul.com\/","title":{"rendered":"Start"},"content":{"rendered":"<section class=\"wpb-content-wrapper\"><p>[vc_row anchor_wrap_section=&#8221;no&#8221; el_class=&#8221;header-spacing&#8221;][vc_column][\/vc_column][\/vc_row][vc_row content_placement=&#8221;middle&#8221; motts_theme_padding=&#8221;no&#8221; use_container=&#8221;yes&#8221;][vc_column offset=&#8221;vc_col-md-6&#8243;][ts_side_image_left image=&#8221;54&#8243;][\/vc_column][vc_column css=&#8221;.vc_custom_1584953605262{padding-left: 60px !important;}&#8221; offset=&#8221;vc_col-md-6&#8243;][ts_section_title animate_block=&#8221;yes&#8221; animation_type=&#8221;fadeInUp&#8221; sub_title=&#8221;Hakk\u0131m\u0131zda&#8221;][ts_side_image_right animate_block=&#8221;yes&#8221; animation_type=&#8221;fadeInUp&#8221;]Ers Gayrimenkul olarak Bursa\u2019n\u0131n t\u00fcm b\u00f6lgelerinde hizmet vermekte olup a\u011f\u0131rl\u0131kl\u0131 olarak Nil\u00fcfer il\u00e7esinde yo\u011fun \u015fekilde hizmet vermekteyiz. Sekt\u00f6rde uzun y\u0131llar\u0131n vermi\u015f oldu\u011fu geni\u015f m\u00fc\u015fteri a\u011f\u0131 ve firmam\u0131z\u0131n alt\u0131n kurallar\u0131ndan biri olan g\u00fcven ilkesi do\u011frultusunda gayrimenkul i\u015flemlerinin gerek al\u0131c\u0131 gerek sat\u0131c\u0131 veya kirac\u0131, mal sahibi aras\u0131nda g\u00fcvenli bir k\u00f6pr\u00fc olmaktay\u0131z. T\u00fcm bunlar\u0131n ana hedefi olan g\u00fcven duygusu her zaman bizim i\u00e7in birinci hedefimiz olacakt\u0131r.<\/p>\n<p><a href=\"https:\/\/ersgayrimenkul.com\/index.php\/hakkimizda\/\">DEVAMINI OKU<\/a>[\/ts_side_image_right][\/vc_column][\/vc_row][vc_row section_background_color=&#8221;#f9f9f9&#8243; use_container=&#8221;yes&#8221;][vc_column][ts_section_title align=&#8221;center&#8221; animate_block=&#8221;yes&#8221; animation_type=&#8221;fadeInUp&#8221; title=&#8221;<em>ERS Gayrimenkul<\/em>&#8221; sub_title=&#8221;Mutlu M\u00fc\u015fteriler&#8221;][vc_row_inner][vc_column_inner width=&#8221;1\/4&#8243; offset=&#8221;vc_col-md-3 vc_col-xs-6&#8243;][ts_icon_counter animate_block=&#8221;yes&#8221; animation_type=&#8221;fadeInUp&#8221; value=&#8221;124&#8243; title=&#8221;Portf\u00f6y&#8221; logo=&#8221;75&#8243; animation_delay=&#8221;0s&#8221; char=&#8221;+&#8221;][\/vc_column_inner][vc_column_inner width=&#8221;1\/4&#8243; offset=&#8221;vc_col-md-3 vc_col-xs-6&#8243;][ts_icon_counter animate_block=&#8221;yes&#8221; animation_type=&#8221;fadeInUp&#8221; value=&#8221;114&#8243; title=&#8221;Kiralama&#8221; logo=&#8221;76&#8243; char=&#8221;+&#8221; animation_delay=&#8221;0.05s&#8221;][\/vc_column_inner][vc_column_inner width=&#8221;1\/4&#8243; offset=&#8221;vc_col-md-1\/5 vc_col-xs-6&#8243;][ts_icon_counter animate_block=&#8221;yes&#8221; animation_type=&#8221;fadeInUp&#8221; value=&#8221;361&#8243; title=&#8221;Sat\u0131ld\u0131&#8221; logo=&#8221;77&#8243; char=&#8221;+&#8221; animation_delay=&#8221;0.10s&#8221;][\/vc_column_inner][vc_column_inner width=&#8221;1\/4&#8243; offset=&#8221;vc_col-md-3&#8243;][ts_icon_counter animate_block=&#8221;yes&#8221; animation_type=&#8221;fadeInUp&#8221; value=&#8221;1000&#8243; title=&#8221;M\u00fc\u015fteri&#8221; logo=&#8221;78&#8243; char=&#8221;+&#8221; animation_delay=&#8221;0.15s&#8221;][\/vc_column_inner][\/vc_row_inner][\/vc_column][\/vc_row]<\/p>\n<\/section>","protected":false},"excerpt":{"rendered":"<p>[vc_row anchor_wrap_section=&#8221;no&#8221; el_class=&#8221;header-spacing&#8221;][vc_column][\/vc_column][\/vc_row][vc_row content_placement=&#8221;middle&#8221; motts_theme_padding=&#8221;no&#8221; use_container=&#8221;yes&#8221;][vc_column offset=&#8221;vc_col-md-6&#8243;][ts_side_image_left image=&#8221;54&#8243;][\/vc_column][vc_column css=&#8221;.vc_custom_1584953605262{padding-left: 60px !important;}&#8221; offset=&#8221;vc_col-md-6&#8243;][ts_section_title animate_block=&#8221;yes&#8221; animation_type=&#8221;fadeInUp&#8221; sub_title=&#8221;Hakk\u0131m\u0131zda&#8221;][ts_side_image_right animate_block=&#8221;yes&#8221; animation_type=&#8221;fadeInUp&#8221;]Ers Gayrimenkul olarak Bursa\u2019n\u0131n t\u00fcm b\u00f6lgelerinde hizmet vermekte olup a\u011f\u0131rl\u0131kl\u0131 olarak Nil\u00fcfer il\u00e7esinde yo\u011fun \u015fekilde hizmet vermekteyiz. Sekt\u00f6rde uzun y\u0131llar\u0131n vermi\u015f oldu\u011fu geni\u015f m\u00fc\u015fteri a\u011f\u0131 ve firmam\u0131z\u0131n alt\u0131n kurallar\u0131ndan biri olan g\u00fcven ilkesi do\u011frultusunda gayrimenkul i\u015flemlerinin gerek al\u0131c\u0131 gerek [&hellip;]<\/p>\n","protected":false},"author":1,"featured_media":0,"parent":0,"menu_order":0,"comment_status":"closed","ping_status":"closed","template":"page-portfolio.php","meta":{"footnotes":""},"class_list":["post-427","page","type-page","status-publish","hentry"],"acf":[],"_links":{"self":[{"href":"https:\/\/ersgayrimenkul.com\/index.php\/wp-json\/wp\/v2\/pages\/427","targetHints":{"allow":["GET"]}}],"collection":[{"href":"https:\/\/ersgayrimenkul.com\/index.php\/wp-json\/wp\/v2\/pages"}],"about":[{"href":"https:\/\/ersgayrimenkul.com\/index.php\/wp-json\/wp\/v2\/types\/page"}],"author":[{"embeddable":true,"href":"https:\/\/ersgayrimenkul.com\/index.php\/wp-json\/wp\/v2\/users\/1"}],"replies":[{"embeddable":true,"href":"https:\/\/ersgayrimenkul.com\/index.php\/wp-json\/wp\/v2\/comments?post=427"}],"version-history":[{"count":6,"href":"https:\/\/ersgayrimenkul.com\/index.php\/wp-json\/wp\/v2\/pages\/427\/revisions"}],"predecessor-version":[{"id":513,"href":"https:\/\/ersgayrimenkul.com\/index.php\/wp-json\/wp\/v2\/pages\/427\/revisions\/513"}],"wp:attachment":[{"href":"https:\/\/ersgayrimenkul.com\/index.php\/wp-json\/wp\/v2\/media?parent=427"}],"curies":[{"name":"wp","href":"https:\/\/api.w.org\/{rel}","templated":true}]}}