{"id":241,"date":"2020-03-21T16:09:39","date_gmt":"2020-03-21T16:09:39","guid":{"rendered":"http:\/\/hompark.themezinho.net\/?page_id=241"},"modified":"2023-03-15T07:32:18","modified_gmt":"2023-03-15T07:32:18","slug":"hakkimizda","status":"publish","type":"page","link":"https:\/\/ersgayrimenkul.com\/index.php\/hakkimizda\/","title":{"rendered":"Hakk\u0131m\u0131zda"},"content":{"rendered":"<section class=\"wpb-content-wrapper\"><p>[vc_row use_container=&#8221;yes&#8221;][vc_column][vc_row_inner css=&#8221;.vc_custom_1584806111490{margin-bottom: 30px !important;}&#8221;][vc_column_inner][ts_about_text_content animate_block=&#8221;yes&#8221; animation_type=&#8221;fadeInUp&#8221;]<\/p>\n<h2><i>Hakk\u0131m\u0131zda<\/i><\/h2>\n<p>[\/ts_about_text_content][\/vc_column_inner][\/vc_row_inner][vc_row_inner css=&#8221;.vc_custom_1584806138319{margin-bottom: 50px !important;}&#8221;][vc_column_inner offset=&#8221;vc_col-md-12&#8243;][ts_about_text_content animate_block=&#8221;yes&#8221; animation_type=&#8221;fadeInUp&#8221;]<strong>Ers Gayrimenkul olarak Bursa\u2019n\u0131n t\u00fcm b\u00f6lgelerinde hizmet vermekte olup a\u011f\u0131rl\u0131kl\u0131 olarak Nil\u00fcfer il\u00e7esinde yo\u011fun \u015fekilde hizmet vermekteyiz. Sekt\u00f6rde uzun y\u0131llar\u0131n vermi\u015f oldu\u011fu geni\u015f m\u00fc\u015fteri a\u011f\u0131 ve firmam\u0131z\u0131n alt\u0131n kurallar\u0131ndan biri olan g\u00fcven ilkesi do\u011frultusunda gayrimenkul i\u015flemlerinin gerek al\u0131c\u0131 gerek sat\u0131c\u0131 veya kirac\u0131, mal sahibi aras\u0131nda g\u00fcvenli bir k\u00f6pr\u00fc olmaktay\u0131z. T\u00fcm bunlar\u0131n ana hedefi olan g\u00fcven duygusu her zaman bizim i\u00e7in birinci hedefimiz olacakt\u0131r.<\/strong><\/p>\n<p><strong>Sekt\u00f6r\u00fcn payda\u015flar\u0131n\u0131n genel durumunu d\u00fc\u015f\u00fcnerek ve hizmet sekt\u00f6r\u00fcn\u00fcn en \u00f6nemli gereklili\u011fi olan m\u00fc\u015fteri memnuniyeti firmam\u0131z ilkeleri aras\u0131nda yer al\u0131rken vermi\u015f oldu\u011fumuz gayrimenkul sat\u0131\u015f\u0131, kiralamas\u0131 ve yat\u0131r\u0131mc\u0131lar\u0131m\u0131z i\u00e7in Kira Garanti Sistemi(KGS) ve M\u00fclk Y\u00f6netimi hizmetiyle siz de\u011ferli m\u00fc\u015fterilerimizin sorunlar\u0131n\u0131 ortadan kald\u0131rmak i\u00e7in buraday\u0131z.<\/strong><\/p>\n<p><strong>Sat\u0131\u015f veya kiralama yap\u0131ld\u0131ktan sonra biten hizmetimizle de\u011fil t\u00fcm gayrimenkul hizmetleri i\u00e7in ilk i\u015fleminiz ve sonras\u0131nda ya\u015fam boyunca akl\u0131n\u0131za gelen ilk gayrimenkul firmas\u0131 olma hayaliyle \u00e7\u0131kt\u0131\u011f\u0131m\u0131z bu yolda Ers Gayrimenkul olarak emin ad\u0131mlarla ilerliyoruz.<\/strong>[\/ts_about_text_content][\/vc_column_inner][\/vc_row_inner][vc_row_inner css=&#8221;.vc_custom_1584806150619{margin-bottom: 30px !important;}&#8221;][vc_column_inner][ts_about_text_content animate_block=&#8221;yes&#8221; animation_type=&#8221;fadeInUp&#8221;]<strong>Ers Gayrimenkul&#8217;<\/strong><strong>\u00fc<\/strong><strong>n <\/strong><strong>Getirece\u011fi Art\u0131 De\u011ferler<\/strong><\/p>\n<ul>\n<li>G\u00fcven duyaca\u011f\u0131n\u0131z profesyonel bir ekiple \u00e7al\u0131\u015fmak.<\/li>\n<li>De\u011fi\u015fen piyasa de\u011ferleri hakk\u0131nda s\u0131k s\u0131k bilgilendirilmek.<\/li>\n<li>S\u00fcrekli olarak sizinle ilgilenen bir merkeze sahip olmak.<\/li>\n<li>\u0130kinci el pazarlama ve sat\u0131\u015f sorumluluklar\u0131n\u0131 \u00fcstlenmek. T\u00fcm pazarlama ara\u00e7lar\u0131n\u0131(gazete,internet,kendi etki alan\u0131m\u0131z ve y\u0131llard\u0131r hizmet verdi\u011fimiz m\u00fc\u015fterileri portf\u00f6y\u00fc)kullanarak en k\u0131sa zamanda sonuca ula\u015fmak.<\/li>\n<li>Mevcut kaliteli m\u00fc\u015fteri portf\u00f6y\u00fcn\u00fcn devaml\u0131l\u0131\u011f\u0131 i\u00e7in, yeni kirac\u0131lar ve al\u0131c\u0131lar hakk\u0131nda se\u00e7ici davranmak.<\/li>\n<li>Uzun vadede gayrimenkullerin de\u011fer kazanmas\u0131 ve tercih edilen bir yat\u0131r\u0131m unsuru haline gelmesi i\u00e7in fiyat politikas\u0131 yaratmak.<\/li>\n<\/ul>\n<p>[\/ts_about_text_content][\/vc_column_inner][\/vc_row_inner][\/vc_column][\/vc_row]<\/p>\n<\/section>","protected":false},"excerpt":{"rendered":"<p>[vc_row use_container=&#8221;yes&#8221;][vc_column][vc_row_inner css=&#8221;.vc_custom_1584806111490{margin-bottom: 30px !important;}&#8221;][vc_column_inner][ts_about_text_content animate_block=&#8221;yes&#8221; animation_type=&#8221;fadeInUp&#8221;] Hakk\u0131m\u0131zda [\/ts_about_text_content][\/vc_column_inner][\/vc_row_inner][vc_row_inner css=&#8221;.vc_custom_1584806138319{margin-bottom: 50px !important;}&#8221;][vc_column_inner offset=&#8221;vc_col-md-12&#8243;][ts_about_text_content animate_block=&#8221;yes&#8221; animation_type=&#8221;fadeInUp&#8221;]Ers Gayrimenkul olarak Bursa\u2019n\u0131n t\u00fcm b\u00f6lgelerinde hizmet vermekte olup a\u011f\u0131rl\u0131kl\u0131 olarak Nil\u00fcfer il\u00e7esinde yo\u011fun \u015fekilde hizmet vermekteyiz. Sekt\u00f6rde uzun y\u0131llar\u0131n vermi\u015f oldu\u011fu geni\u015f m\u00fc\u015fteri a\u011f\u0131 ve firmam\u0131z\u0131n alt\u0131n kurallar\u0131ndan biri olan g\u00fcven ilkesi do\u011frultusunda gayrimenkul i\u015flemlerinin gerek al\u0131c\u0131 gerek sat\u0131c\u0131 veya [&hellip;]<\/p>\n","protected":false},"author":1,"featured_media":0,"parent":0,"menu_order":0,"comment_status":"closed","ping_status":"closed","template":"page-portfolio.php","meta":{"footnotes":""},"class_list":["post-241","page","type-page","status-publish","hentry"],"acf":[],"_links":{"self":[{"href":"https:\/\/ersgayrimenkul.com\/index.php\/wp-json\/wp\/v2\/pages\/241","targetHints":{"allow":["GET"]}}],"collection":[{"href":"https:\/\/ersgayrimenkul.com\/index.php\/wp-json\/wp\/v2\/pages"}],"about":[{"href":"https:\/\/ersgayrimenkul.com\/index.php\/wp-json\/wp\/v2\/types\/page"}],"author":[{"embeddable":true,"href":"https:\/\/ersgayrimenkul.com\/index.php\/wp-json\/wp\/v2\/users\/1"}],"replies":[{"embeddable":true,"href":"https:\/\/ersgayrimenkul.com\/index.php\/wp-json\/wp\/v2\/comments?post=241"}],"version-history":[{"count":5,"href":"https:\/\/ersgayrimenkul.com\/index.php\/wp-json\/wp\/v2\/pages\/241\/revisions"}],"predecessor-version":[{"id":487,"href":"https:\/\/ersgayrimenkul.com\/index.php\/wp-json\/wp\/v2\/pages\/241\/revisions\/487"}],"wp:attachment":[{"href":"https:\/\/ersgayrimenkul.com\/index.php\/wp-json\/wp\/v2\/media?parent=241"}],"curies":[{"name":"wp","href":"https:\/\/api.w.org\/{rel}","templated":true}]}}