{"id":13,"date":"2020-03-17T18:44:55","date_gmt":"2020-03-17T18:44:55","guid":{"rendered":"http:\/\/hompark.themezinho.net\/?page_id=13"},"modified":"2023-03-13T07:20:19","modified_gmt":"2023-03-13T07:20:19","slug":"hizmetlerimiz","status":"publish","type":"page","link":"https:\/\/ersgayrimenkul.com\/index.php\/hizmetlerimiz\/","title":{"rendered":"H\u0130ZMETLER\u0130M\u0130Z"},"content":{"rendered":"<section class=\"wpb-content-wrapper\"><p>[vc_row use_container=&#8221;yes&#8221;][vc_column][vc_row_inner][vc_column_inner width=&#8221;1\/2&#8243;][ts_facilities_box icon=&#8221;444&#8243; title=&#8221;Gayrimenkul De\u011ferleme&#8221; description=&#8221;Gayrimenkul de\u011ferleme, ba\u011f\u0131ms\u0131z ve tarafs\u0131z gayrimenkul de\u011ferleme uzmanlar\u0131 taraf\u0131ndan, ilgili m\u00fclk\u00fcn belirli bir tarihteki muhtemel de\u011fer takdirinin, ba\u011f\u0131ms\u0131z, tarafs\u0131z ve objektif \u00f6l\u00e7\u00fclere dayal\u0131 olarak ger\u00e7ekle\u015ftirilmesidir. \u00d6zetle gayrimenkul de\u011ferleme s\u00fcreci, bir gayrimenkul\u00fcn, gayrimenkul projesinin veya bir gayrimenkule ba\u011fl\u0131 hak ve faydalar\u0131n, belirli yasa ve y\u00f6netmelikler \u00e7er\u00e7evesinde, m\u00fclke en uygun de\u011ferleme y\u00f6nteminin se\u00e7ilerek de\u011ferinin takdir edilmesi ve buna ba\u011fl\u0131 olarak gayrimenkul de\u011ferleme raporunun haz\u0131rlanmas\u0131 olarak tan\u0131mlan\u0131r.&#8221;][\/vc_column_inner][vc_column_inner width=&#8221;1\/2&#8243;][ts_facilities_box icon=&#8221;445&#8243; title=&#8221;Arsa ve Gayrimenkul Proje Geli\u015ftirme&#8221; description=&#8221;Arsa ve Gayrimenkul Proje Geli\u015ftirme hizmeti ile bir arazi \u00fczerinde imar plan\u0131n\u0131, fiziksel \u00f6zelliklerini ve ekonomik olanaklar\u0131n\u0131 pazar odakl\u0131 bir yakla\u015f\u0131mla de\u011ferlendirip arazinin durumunu ortaya koymakta ve o arazide ger\u00e7ekle\u015ftirilebilecek optimum yat\u0131r\u0131m\u0131n ile ilgili tavsiye vermekteyiz.&#8221;][\/vc_column_inner][\/vc_row_inner][vc_row_inner][vc_column_inner width=&#8221;1\/2&#8243;][ts_facilities_box icon=&#8221;446&#8243; title=&#8221;Kira Garanti Sistemi&#8221; description=&#8221;Kira garantili yat\u0131r\u0131m kavram\u0131n\u0131 de\u011ferlendirmeden \u00f6nce kira garantili m\u00fclkiyet (gayrimenkul) kavram\u0131n\u0131 de\u011ferlendirmekte fayda var. Kira garantili m\u00fclkiyet ya da gayrimenkul ister yurti\u00e7i ister yurtd\u0131\u015f\u0131 yat\u0131r\u0131m ama\u00e7l\u0131 sat\u0131n al\u0131nan gayrimenkul\u00fcn kirac\u0131s\u0131 ile mal sahibi aras\u0131ndaki ili\u015fkinin sa\u011fl\u0131kl\u0131 olmas\u0131n\u0131 sa\u011flayarak, gayrimenkul sahibi i\u00e7in kira tahsilat\u0131 a\u00e7\u0131s\u0131ndan do\u011fabilecek t\u00fcm riskleri ortadan kald\u0131ran sistem \u015feklinde tan\u0131mlanabilir. Gayrimenkul ya da m\u00fclk yat\u0131r\u0131mlar\u0131na ili\u015fkin kira garantisi, mal\u0131n de\u011ferinden ba\u011f\u0131ms\u0131z yat\u0131r\u0131m\u0131n\u0131z\u0131n ilk an\u0131ndan itibaren kazan\u00e7 hanesine yazan gelir olarak da ifade edilebilir.&#8221;][\/vc_column_inner][vc_column_inner width=&#8221;1\/2&#8243;][ts_facilities_box icon=&#8221;447&#8243; title=&#8221;Kiralama Arac\u0131l\u0131k Hizmetleri&#8221; description=&#8221;Genel gayrimenkul piyasas\u0131nda konut-i\u015fyeri-arazi v.b. t\u00fcm gayrimenkullerin kiralanmas\u0131nda arac\u0131l\u0131k etmek bir ba\u015fka de\u011fi\u015fle kirayaveren\/kirac\u0131 yada herikisinin birden m\u00fc\u015favirli\u011fini y\u00fcr\u00fctmektir.&#8221;][\/vc_column_inner][\/vc_row_inner][vc_row_inner][vc_column_inner width=&#8221;1\/2&#8243;][ts_facilities_box icon=&#8221;449&#8243; title=&#8221;Ekspertiz Hizmeti&#8221; description=&#8221;Konut-\u0130\u015fyeri-Arazi v.b. t\u00fcm gayrimenkullerin reel sat\u0131\u015f yada kiralama de\u011ferlerinin tespiti hizmetidir. Bu hizmet kategorisinde Hizmet Bedellerimiz, Ekspertiz konusu gayrimenkul\u00fcn yeri, vasf\u0131, fiili durumu v.s. kriterlere g\u00f6re birebir belirlenmektedir.&#8221;][\/vc_column_inner][vc_column_inner width=&#8221;1\/2&#8243;][ts_facilities_box icon=&#8221;450&#8243; title=&#8221;Portf\u00f6y Y\u00f6netimi&#8221; description=&#8221;Ger\u00e7ek Ki\u015fi yada Kurumlar\u0131n sahibi bulunduklar\u0131 veya bulunacaklar\u0131 gayrimenkullerin al\u0131m\u0131, sat\u0131m\u0131, kiralanmas\u0131 ve m\u00fclkiyette bulundu\u011fu s\u00fcrece zaruri yasal i\u015flemlerinin (vergi, har\u00e7, elektrik, su, do\u011falgaz, sigprta v.s.) y\u00fcr\u00fct\u00fclmesidir. Bu hizmet kategorisinde Hizmet Bedellerimiz, Gayrimenkul Portf\u00f6y\u00fcn\u00fcn niteli\u011fi, yeri v.s. kriterlere g\u00f6re birebir belirlenmektedir.&#8221;][\/vc_column_inner][\/vc_row_inner][vc_row_inner][vc_column_inner][ts_facilities_box icon=&#8221;451&#8243; title=&#8221;Yat\u0131r\u0131m Dan\u0131\u015fmanl\u0131\u011f\u0131&#8221; description=&#8221;Ger\u00e7ek Ki\u015fi yada Kurumlar\u0131n verecekleri gayrimenkul yat\u0131r\u0131m karar\u0131 sonras\u0131, onlara reel piyasada o i\u00e7in en uygun b\u00f6lge, cins, fiyat v.b. konularda Dan\u0131\u015fmanl\u0131k Hizmetidir. Bu hizmet kategorisinde Hizmet Bedellerimiz, Yat\u0131r\u0131m\u0131n, miktar\u0131, zaman dilimi, v.s. kriterlere g\u00f6re birebir belirlenmektedir.&#8221;][\/vc_column_inner][\/vc_row_inner][\/vc_column][\/vc_row]<\/p>\n<\/section>","protected":false},"excerpt":{"rendered":"<p>[vc_row use_container=&#8221;yes&#8221;][vc_column][vc_row_inner][vc_column_inner width=&#8221;1\/2&#8243;][ts_facilities_box icon=&#8221;444&#8243; title=&#8221;Gayrimenkul De\u011ferleme&#8221; description=&#8221;Gayrimenkul de\u011ferleme, ba\u011f\u0131ms\u0131z ve tarafs\u0131z gayrimenkul de\u011ferleme uzmanlar\u0131 taraf\u0131ndan, ilgili m\u00fclk\u00fcn belirli bir tarihteki muhtemel de\u011fer takdirinin, ba\u011f\u0131ms\u0131z, tarafs\u0131z ve objektif \u00f6l\u00e7\u00fclere dayal\u0131 olarak ger\u00e7ekle\u015ftirilmesidir. \u00d6zetle gayrimenkul de\u011ferleme s\u00fcreci, bir gayrimenkul\u00fcn, gayrimenkul projesinin veya bir gayrimenkule ba\u011fl\u0131 hak ve faydalar\u0131n, belirli yasa ve y\u00f6netmelikler \u00e7er\u00e7evesinde, m\u00fclke en uygun de\u011ferleme [&hellip;]<\/p>\n","protected":false},"author":1,"featured_media":0,"parent":0,"menu_order":0,"comment_status":"closed","ping_status":"closed","template":"page-portfolio.php","meta":{"footnotes":""},"class_list":["post-13","page","type-page","status-publish","hentry"],"acf":[],"_links":{"self":[{"href":"https:\/\/ersgayrimenkul.com\/index.php\/wp-json\/wp\/v2\/pages\/13","targetHints":{"allow":["GET"]}}],"collection":[{"href":"https:\/\/ersgayrimenkul.com\/index.php\/wp-json\/wp\/v2\/pages"}],"about":[{"href":"https:\/\/ersgayrimenkul.com\/index.php\/wp-json\/wp\/v2\/types\/page"}],"author":[{"embeddable":true,"href":"https:\/\/ersgayrimenkul.com\/index.php\/wp-json\/wp\/v2\/users\/1"}],"replies":[{"embeddable":true,"href":"https:\/\/ersgayrimenkul.com\/index.php\/wp-json\/wp\/v2\/comments?post=13"}],"version-history":[{"count":3,"href":"https:\/\/ersgayrimenkul.com\/index.php\/wp-json\/wp\/v2\/pages\/13\/revisions"}],"predecessor-version":[{"id":452,"href":"https:\/\/ersgayrimenkul.com\/index.php\/wp-json\/wp\/v2\/pages\/13\/revisions\/452"}],"wp:attachment":[{"href":"https:\/\/ersgayrimenkul.com\/index.php\/wp-json\/wp\/v2\/media?parent=13"}],"curies":[{"name":"wp","href":"https:\/\/api.w.org\/{rel}","templated":true}]}}